{"id":8388,"date":"2016-10-19T07:53:47","date_gmt":"2016-10-19T07:53:47","guid":{"rendered":"http:\/\/kendall.elated-themes.com\/?page_id=8388"},"modified":"2022-07-11T12:16:59","modified_gmt":"2022-07-11T09:16:59","slug":"contact","status":"publish","type":"page","link":"https:\/\/whitelotusbodrum.com\/tr\/contact\/","title":{"rendered":"\u0130leti\u015fim"},"content":{"rendered":"<div class=\"vc_row wpb_row vc_row-fluid eltd-section vc_custom_1476865091613 eltd-content-aligment-left eltd-grid-section\" style=\"\"><div class=\"clearfix eltd-section-inner\"><div class=\"eltd-section-inner-margin clearfix\"><div class=\"wpb_column vc_column_container vc_col-sm-12 vc_col-lg-6 vc_col-md-12\"><div class=\"vc_column-inner\"><div class=\"wpb_wrapper\"><div class=\"eltd-section-title-outer-holder\" style=\"text-align: left\">\n\n    \t<div class=\"eltd-section-title-title-holder\">\n\t\t<h2 class=\"eltd-section-title\" style=\";font-size: 35px;;;line-height: 52px;;;\">\n\t\t\tWhite Lotus Retreat\t\t<\/h2>\n\t<\/div>\n    \t<span class=\"eltd-title-separator\"><\/span>\n    \n<\/div><div class=\"vc_empty_space\"   style=\"height: 40px\"><span class=\"vc_empty_space_inner\"><\/span><\/div>\n\t<div class=\"wpb_text_column wpb_content_element\" >\n\t\t<div class=\"wpb_wrapper\">\n\t\t\t<p>Da\u011fbelen mahallesi,<br \/>\nDa\u011fbelen caddesi,<br \/>\n6632 Sok. 16 B<br \/>\nDa\u011fbelen\/Bodrum<\/p>\n<p>&nbsp;<\/p>\n<p><a href=\"tel: 905075793531\"> +90 (507) 579 35 31 <\/a><br \/>\n<a href=\"tel: 902525023230\"> 0 (252) 502 32 30 <\/a><br \/>\n<a href=\"tel: 902525023231\"> 0 (252) 502 32 31 <\/a><\/p>\n\n\t\t<\/div>\n\t<\/div>\n<\/div><\/div><\/div><div class=\"wpb_column vc_column_container vc_col-sm-12 vc_col-lg-offset-0 vc_col-lg-6 vc_col-md-offset-0 vc_col-md-11\"><div class=\"vc_column-inner\"><div class=\"wpb_wrapper\"><div class=\"vc_empty_space\"   style=\"height: 40px\"><span class=\"vc_empty_space_inner\"><\/span><\/div>\n\t<div  class=\"wpb_single_image wpb_content_element vc_align_left\">\n\t\t\n\t\t<figure class=\"wpb_wrapper vc_figure\">\n\t\t\t<div class=\"vc_single_image-wrapper   vc_box_border_grey\"><img loading=\"lazy\" decoding=\"async\" width=\"576\" height=\"1024\" src=\"https:\/\/whitelotusbodrum.com\/wp-content\/uploads\/2022\/07\/WhatsApp-Image-2022-07-11-at-12.14.36-576x1024.jpeg\" class=\"vc_single_image-img attachment-large\" alt=\"\" title=\"WhatsApp Image 2022-07-11 at 12.14.36\" srcset=\"https:\/\/whitelotusbodrum.com\/wp-content\/uploads\/2022\/07\/WhatsApp-Image-2022-07-11-at-12.14.36-576x1024.jpeg 576w, https:\/\/whitelotusbodrum.com\/wp-content\/uploads\/2022\/07\/WhatsApp-Image-2022-07-11-at-12.14.36-169x300.jpeg 169w, https:\/\/whitelotusbodrum.com\/wp-content\/uploads\/2022\/07\/WhatsApp-Image-2022-07-11-at-12.14.36-7x12.jpeg 7w, https:\/\/whitelotusbodrum.com\/wp-content\/uploads\/2022\/07\/WhatsApp-Image-2022-07-11-at-12.14.36.jpeg 720w\" sizes=\"auto, (max-width: 576px) 100vw, 576px\" \/><\/div>\n\t\t<\/figure>\n\t<\/div>\n<\/div><\/div><\/div><\/div><\/div><\/div>","protected":false},"excerpt":{"rendered":"White Lotus Retreat Da\u011fbelen mahallesi, Da\u011fbelen caddesi, 6632 Sok. 16 B Da\u011fbelen\/Bodrum &nbsp; +90 (507) 579 35 31 0 (252) 502 32 30 0 (252) 502 32 31","protected":false},"author":1,"featured_media":0,"parent":0,"menu_order":0,"comment_status":"closed","ping_status":"closed","template":"full-width.php","meta":{"footnotes":""},"class_list":["post-8388","page","type-page","status-publish","hentry"],"_links":{"self":[{"href":"https:\/\/whitelotusbodrum.com\/tr\/wp-json\/wp\/v2\/pages\/8388","targetHints":{"allow":["GET"]}}],"collection":[{"href":"https:\/\/whitelotusbodrum.com\/tr\/wp-json\/wp\/v2\/pages"}],"about":[{"href":"https:\/\/whitelotusbodrum.com\/tr\/wp-json\/wp\/v2\/types\/page"}],"author":[{"embeddable":true,"href":"https:\/\/whitelotusbodrum.com\/tr\/wp-json\/wp\/v2\/users\/1"}],"replies":[{"embeddable":true,"href":"https:\/\/whitelotusbodrum.com\/tr\/wp-json\/wp\/v2\/comments?post=8388"}],"version-history":[{"count":7,"href":"https:\/\/whitelotusbodrum.com\/tr\/wp-json\/wp\/v2\/pages\/8388\/revisions"}],"predecessor-version":[{"id":11058,"href":"https:\/\/whitelotusbodrum.com\/tr\/wp-json\/wp\/v2\/pages\/8388\/revisions\/11058"}],"wp:attachment":[{"href":"https:\/\/whitelotusbodrum.com\/tr\/wp-json\/wp\/v2\/media?parent=8388"}],"curies":[{"name":"wp","href":"https:\/\/api.w.org\/{rel}","templated":true}]}}