{"id":8402,"date":"2016-10-19T09:28:29","date_gmt":"2016-10-19T09:28:29","guid":{"rendered":"http:\/\/kendall.elated-themes.com\/?page_id=8402"},"modified":"2023-07-18T00:17:55","modified_gmt":"2023-07-17T21:17:55","slug":"reservation","status":"publish","type":"page","link":"https:\/\/whitelotusbodrum.com\/tr\/reservation\/","title":{"rendered":"Rezervasyon"},"content":{"rendered":"<div class=\"vc_row wpb_row vc_row-fluid eltd-section eltd-content-aligment-left\" style=\"\"><div class=\"clearfix eltd-full-section-inner\"><div class=\"wpb_column vc_column_container vc_col-sm-12\"><div class=\"vc_column-inner\"><div class=\"wpb_wrapper\"><div class=\"vc_empty_space\"   style=\"height: 100px\"><span class=\"vc_empty_space_inner\"><\/span><\/div><\/div><\/div><\/div><\/div><\/div><div class=\"vc_row wpb_row vc_row-fluid eltd-section eltd-content-aligment-left\" style=\"\"><div class=\"clearfix eltd-full-section-inner\"><div class=\"wpb_column vc_column_container vc_col-sm-12 vc_col-lg-12 vc_col-md-12\"><div class=\"vc_column-inner\"><div class=\"wpb_wrapper\"><div class=\"eltd-section-title-outer-holder\" style=\"text-align: center\">\n\n    \t<div class=\"eltd-section-title-title-holder\">\n\t\t<h2 class=\"eltd-section-title\" style=\";;;;;;;\">\n\t\t\tG\u00fcnl\u00fck Ekstra Servisler\t\t<\/h2>\n\t<\/div>\n    \t<span class=\"eltd-title-separator\"><\/span>\n    \n<\/div><div class=\"eltd-accordion-holder clearfix eltd-toggle eltd-initial\">\n\t<h3 class=\"clearfix eltd-title-holder\">\n\t<span class=\"eltd-accordion-mark eltd-left-mark\">\n\t\t<span class=\"eltd-accordion-mark-icon\">\n\t\t\t<span class=\"icon_plus\"><\/span>\n\t\t\t<span class=\"icon_minus-06\"><\/span>\n\t\t<\/span>\n\t<\/span>\n\t<span class=\"eltd-tab-title\">\n\t\t<span class=\"eltd-tab-title-inner\">\n\t\t\tQuantum Enerji Dengeleme\t\t<\/span>\n\t<\/span>\n<\/h3>\n<div class=\"eltd-accordion-content\" >\n\t<div class=\"eltd-accordion-content-inner\">\n\t\t\n\t<div class=\"wpb_text_column wpb_content_element\" >\n\t\t<div class=\"wpb_wrapper\">\n\t\t\t<h4 class=\"eltd-section-title\" style=\"text-align: center; text-transform: none;\">Sonsuz bir enerji kayna\u011f\u0131 toplamak, bilimi insan sa\u011fl\u0131\u011f\u0131na uygulamak i\u00e7in Kuantum uyumlama ile organlar\u0131n titre\u015fimlerindeki t\u0131kan\u0131kl\u0131klar, blokajlar kald\u0131r\u0131larak bilgi ak\u0131\u015f\u0131n\u0131n d\u00fczeni tekrardan kurulur. Ki\u015finin kendine \u00f6zel t\u00fcm \u00f6zelliklerine dayal\u0131 olarak iyile\u015ftirici etkiler belirlenir. Bu etkilerin frekanslar\u0131 titre\u015fimsel frekanslar\u0131 dengelemek i\u00e7in kullan\u0131l\u0131r.<br> Holistik yani b\u00fct\u00fcnsel yenilenmenin, en k\u0131ymetli hazinemiz olan kendimize ait saf enerjimizin \u015fifaland\u0131r\u0131lmas\u0131 Uzay \u00c7a\u011f\u0131 Teknolojisi ile Y\u00fcksek Amaca Hizalanma Kurallar\u0131nda Kuantum uyumlama Cihaz\u0131 ile uygulanan do\u011fal frekanslarla en g\u00fc\u00e7l\u00fc \u015fekilde desteklenir. <br>Evren\u2019deki her \u015feyin \u2018Enerji\u2019den olu\u015ftu\u011fu art\u0131k bilinmekte.\nHer cismin, her maddenin, her bedenin ve organ\u0131n\nk\u0131sacas\u0131 t\u00fcm sistemin bir frekans\u0131 vard\u0131r. <br>D\u00fc\u015f\u00fcnce ve duygular da madde gibi\nenerjinin de\u011fi\u015fik dalga boylar\u0131ndan olu\u015fmaktad\u0131r.<\/h4>\n<ul style=\"padding-left: 20px;\">\n<li style=\"text-align: left;\">Enerji kanallar\u0131ndaki t\u0131kan\u0131kl\u0131klar giderilir.<\/li>\n<li style=\"text-align: left;\">Bedene ya\u015fam enerjisi y\u00fcklenir.<\/li>\n<li style=\"text-align: left;\">Aura ve bedende tespit edilen patojenler temizlenir.<\/li>\n<li style=\"text-align: left;\">Detoksifikasyon ile beden y\u00fck\u00fc azalt\u0131l\u0131r.<\/li>\n<li style=\"text-align: left;\">Organlara h\u00fccresel d\u00fczeyde yap\u0131lan uyumlama ile optimum d\u00fczeyde \u00e7al\u0131\u015fmalar\u0131 sa\u011flan\u0131r.<\/li>\n<li style=\"text-align: left;\">Stres, depresyon, zihinsel yorgunluk minimuma iner.<\/li>\n<li style=\"text-align: left;\">Ba\u011f\u0131\u015f\u0131kl\u0131k sistemi ve metabolizma ger\u00e7ek kapasitelerine geri d\u00f6ner.<\/li>\n<li style=\"text-align: left;\">Ki\u015finin b\u00fct\u00fcnsel titre\u015fimi y\u00fckselir.<\/li>\n<\/ul>\n\n\t\t<\/div>\n\t<\/div>\n<div class=\"vc_empty_space\"   style=\"height: 20px\"><span class=\"vc_empty_space_inner\"><\/span><\/div><a href=\"https:\/\/api.whatsapp.com\/send?phone=905075793531&#038;text=Extra%20Services%20Quantum%20Energy%20Balancing\" target=\"_self\"  class=\"eltd-btn eltd-btn-medium eltd-btn-solid eltd-btn-icon eltd-btn-gradient_hover\"  >\n    <span class=\"eltd-btn-text\">Rezervasyon<\/span>\n    <i class=\"eltd-icon-font-awesome fa fa-whatsapp\" ><\/i><\/a>\t<\/div>\n<\/div><h3 class=\"clearfix eltd-title-holder\">\n\t<span class=\"eltd-accordion-mark eltd-left-mark\">\n\t\t<span class=\"eltd-accordion-mark-icon\">\n\t\t\t<span class=\"icon_plus\"><\/span>\n\t\t\t<span class=\"icon_minus-06\"><\/span>\n\t\t<\/span>\n\t<\/span>\n\t<span class=\"eltd-tab-title\">\n\t\t<span class=\"eltd-tab-title-inner\">\n\t\t\tMasaj\t\t<\/span>\n\t<\/span>\n<\/h3>\n<div class=\"eltd-accordion-content\" >\n\t<div class=\"eltd-accordion-content-inner\">\n\t\t\n\t<div class=\"wpb_text_column wpb_content_element\" >\n\t\t<div class=\"wpb_wrapper\">\n\t\t\t<div class=\"wpb_column vc_column_container vc_col-sm-10 vc_col-lg-offset-0 vc_col-lg-4 vc_col-md-offset-0 vc_col-md-4 vc_col-sm-offset-1\">\n<div class=\"vc_column-inner\">\n<div class=\"wpb_wrapper\">\n<div class=\"eltd-section-title-outer-holder\">\n<div class=\"eltd-section-title-title-holder\">\n<h4 class=\"eltd-section-title\">Kas Gev\u015fetici Ve Stres Giderici<\/h4>\n<\/div>\n<\/div>\n<div class=\"vc_empty_space\"><\/div>\n<div class=\"vc_empty_space\"><\/div>\n<\/div>\n<\/div>\n<\/div>\n<div class=\"wpb_column vc_column_container vc_col-sm-10 vc_col-lg-offset-0 vc_col-lg-4 vc_col-md-offset-0 vc_col-md-4 vc_col-sm-offset-1\">\n<div class=\"vc_column-inner\">\n<div class=\"wpb_wrapper\">\n<div class=\"eltd-section-title-outer-holder\">\n<div class=\"eltd-section-title-title-holder\">\n<h4 class=\"eltd-section-title\">Aromaterapi Masaj\u0131<\/h4>\n<\/div>\n<\/div>\n<div class=\"vc_empty_space\"><\/div>\n<div class=\"vc_empty_space\"><\/div>\n<\/div>\n<\/div>\n<\/div>\n<div class=\"wpb_column vc_column_container vc_col-sm-10 vc_col-lg-offset-0 vc_col-lg-4 vc_col-md-offset-0 vc_col-md-4 vc_col-sm-offset-1\">\n<div class=\"vc_column-inner\">\n<div class=\"wpb_wrapper\">\n<div class=\"eltd-section-title-outer-holder\">\n<div class=\"eltd-section-title-title-holder\">\n<h4 class=\"eltd-section-title\">Sel\u00fclit Masaj\u0131<\/h4>\n<\/div>\n<\/div>\n<div class=\"vc_empty_space\"><\/div>\n<\/div>\n<\/div>\n<\/div>\n\n\t\t<\/div>\n\t<\/div>\n<div class=\"vc_empty_space\"   style=\"height: 20px\"><span class=\"vc_empty_space_inner\"><\/span><\/div><a href=\"https:\/\/api.whatsapp.com\/send?phone=905075793531&#038;text=Extra%20Services%20Massage\" target=\"_self\"  class=\"eltd-btn eltd-btn-medium eltd-btn-solid eltd-btn-gradient_hover\"  >\n    <span class=\"eltd-btn-text\">Rezervasyon<\/span>\n    <\/a>\t<\/div>\n<\/div><h3 class=\"clearfix eltd-title-holder\">\n\t<span class=\"eltd-accordion-mark eltd-left-mark\">\n\t\t<span class=\"eltd-accordion-mark-icon\">\n\t\t\t<span class=\"icon_plus\"><\/span>\n\t\t\t<span class=\"icon_minus-06\"><\/span>\n\t\t<\/span>\n\t<\/span>\n\t<span class=\"eltd-tab-title\">\n\t\t<span class=\"eltd-tab-title-inner\">\n\t\t\tKristal Yatak Terapisi\t\t<\/span>\n\t<\/span>\n<\/h3>\n<div class=\"eltd-accordion-content\" >\n\t<div class=\"eltd-accordion-content-inner\">\n\t\t\n\t<div class=\"wpb_text_column wpb_content_element\" >\n\t\t<div class=\"wpb_wrapper\">\n\t\t\t<div class=\"wpb_column vc_column_container vc_col-sm-6 vc_col-lg-offset-0 vc_col-lg-4 vc_col-md-offset-0 vc_col-md-4 vc_col-sm-offset-1\">\n<div class=\"vc_column-inner\">\n<div class=\"wpb_wrapper\">\n<div class=\"eltd-section-title-outer-holder\">\n<div class=\"eltd-section-title-title-holder\">\n<h4 class=\"eltd-section-title\">Kristal Yatak Terapisi<\/h4>\n<\/div>\n<div class=\"eltd-section-subtitle-holder\">\n<h5 class=\"eltd-section-subtitle\">\u00c7akralar\u0131n dengelenip enerji ak\u0131\u015f\u0131n\u0131n d\u00fczenlenmesi i\u00e7in uygulanan bir terapi y\u00f6ntemidir.\nEnerji merkezlerindeki blokajlar\u0131 temizler, enerjinizi dengelerken ruhsal fark\u0131nlad\u0131\u011f\u0131n\u0131z\u0131 ve i\u00e7 g\u00f6r\u00fcn\u00fcz\u00fc artt\u0131r\u0131r.<\/h5>\n<\/div>\n<\/div>\n<\/div>\n<\/div>\n<\/div>\n<div class=\"wpb_column vc_column_container vc_col-sm-6\">\n<div class=\"vc_column-inner\">\n<div class=\"wpb_wrapper\">\n<div class=\"vc_empty_space\"><\/div>\n<\/div>\n<\/div>\n<\/div>\n\n\t\t<\/div>\n\t<\/div>\n<div class=\"vc_empty_space\"   style=\"height: 20px\"><span class=\"vc_empty_space_inner\"><\/span><\/div><a href=\"https:\/\/api.whatsapp.com\/send?phone=905075793531&#038;text=Extra%20Services%20Crystal%20Bed%20Therapy\" target=\"_self\"  class=\"eltd-btn eltd-btn-medium eltd-btn-solid eltd-btn-gradient_hover\"  >\n    <span class=\"eltd-btn-text\">Rezervasyon<\/span>\n    <\/a>\t<\/div>\n<\/div><h3 class=\"clearfix eltd-title-holder\">\n\t<span class=\"eltd-accordion-mark eltd-left-mark\">\n\t\t<span class=\"eltd-accordion-mark-icon\">\n\t\t\t<span class=\"icon_plus\"><\/span>\n\t\t\t<span class=\"icon_minus-06\"><\/span>\n\t\t<\/span>\n\t<\/span>\n\t<span class=\"eltd-tab-title\">\n\t\t<span class=\"eltd-tab-title-inner\">\n\t\t\t\u00d6zel Reiki Terapisi\t\t<\/span>\n\t<\/span>\n<\/h3>\n<div class=\"eltd-accordion-content\" >\n\t<div class=\"eltd-accordion-content-inner\">\n\t\t\n\t<div class=\"wpb_text_column wpb_content_element\" >\n\t\t<div class=\"wpb_wrapper\">\n\t\t\t<div class=\"wpb_column vc_column_container vc_col-sm-6 vc_col-lg-offset-0 vc_col-lg-4 vc_col-md-offset-0 vc_col-md-4 vc_col-sm-offset-1\">\n<div class=\"vc_column-inner\">\n<div class=\"wpb_wrapper\">\n<div class=\"eltd-section-title-outer-holder\">\n<div class=\"eltd-section-title-title-holder\">\n<h4 class=\"eltd-section-title\">\u00d6zel Reiki Terapisi<\/h4>\n<\/div>\n<\/div>\n<\/div>\n<\/div>\n<\/div>\n\n\t\t<\/div>\n\t<\/div>\n<div class=\"vc_empty_space\"   style=\"height: 20px\"><span class=\"vc_empty_space_inner\"><\/span><\/div><a href=\"https:\/\/api.whatsapp.com\/send?phone=905075793531&#038;text=Extra%20Services%20Private%20Reiki%20Circle\" target=\"_self\"  class=\"eltd-btn eltd-btn-medium eltd-btn-solid eltd-btn-gradient_hover\"  >\n    <span class=\"eltd-btn-text\">Rezervasyon<\/span>\n    <\/a>\t<\/div>\n<\/div><h3 class=\"clearfix eltd-title-holder\">\n\t<span class=\"eltd-accordion-mark eltd-left-mark\">\n\t\t<span class=\"eltd-accordion-mark-icon\">\n\t\t\t<span class=\"icon_plus\"><\/span>\n\t\t\t<span class=\"icon_minus-06\"><\/span>\n\t\t<\/span>\n\t<\/span>\n\t<span class=\"eltd-tab-title\">\n\t\t<span class=\"eltd-tab-title-inner\">\n\t\t\tKristal \u00c7anaklarla Ses Terapisi (\u00d6zel ve \u00c7iftler \u0130\u00e7in)\t\t<\/span>\n\t<\/span>\n<\/h3>\n<div class=\"eltd-accordion-content\" >\n\t<div class=\"eltd-accordion-content-inner\">\n\t\t\n\t<div class=\"wpb_text_column wpb_content_element\" >\n\t\t<div class=\"wpb_wrapper\">\n\t\t\t<div class=\"wpb_column vc_column_container vc_col-sm-6 vc_col-lg-offset-0 vc_col-lg-4 vc_col-md-offset-0 vc_col-md-4 vc_col-sm-offset-1\">\n<div class=\"vc_column-inner\">\n<div class=\"wpb_wrapper\">\n<div class=\"eltd-section-title-outer-holder\">\n<div class=\"eltd-section-title-title-holder\">\n<h4 class=\"eltd-section-title\">Kristal \u00c7anaklarla Ses Terapisi (\u00d6zel ve \u00c7iftler \u0130\u00e7in)<\/h4>\n<\/div>\n<div class=\"eltd-section-subtitle-holder\">\n<h5 class=\"eltd-section-subtitle translation-block\">60 dk.<br>\nKristal ses \u00e7anaklar\u0131yla uygulanan enerji dengeleme \u00e7al\u0131\u015fmas\u0131d\u0131r.<\/h5>\n<\/div>\n<\/div>\n<\/div>\n<\/div>\n<\/div>\n<div class=\"wpb_column vc_column_container vc_col-sm-6\">\n<div class=\"vc_column-inner\">\n<div class=\"wpb_wrapper\">\n<div class=\"vc_empty_space\"><\/div>\n<\/div>\n<\/div>\n<\/div>\n\n\t\t<\/div>\n\t<\/div>\n<div class=\"vc_empty_space\"   style=\"height: 20px\"><span class=\"vc_empty_space_inner\"><\/span><\/div><a href=\"https:\/\/api.whatsapp.com\/send?phone=905075793531&#038;text=Extra%20Services%20Private%20Sound%20Healing\" target=\"_self\"  class=\"eltd-btn eltd-btn-medium eltd-btn-solid eltd-btn-gradient_hover\"  >\n    <span class=\"eltd-btn-text\">Rezervasyon<\/span>\n    <\/a>\t<\/div>\n<\/div><h3 class=\"clearfix eltd-title-holder\">\n\t<span class=\"eltd-accordion-mark eltd-left-mark\">\n\t\t<span class=\"eltd-accordion-mark-icon\">\n\t\t\t<span class=\"icon_plus\"><\/span>\n\t\t\t<span class=\"icon_minus-06\"><\/span>\n\t\t<\/span>\n\t<\/span>\n\t<span class=\"eltd-tab-title\">\n\t\t<span class=\"eltd-tab-title-inner\">\n\t\t\tYoga\t\t<\/span>\n\t<\/span>\n<\/h3>\n<div class=\"eltd-accordion-content\" >\n\t<div class=\"eltd-accordion-content-inner\">\n\t\t\n\t<div class=\"wpb_text_column wpb_content_element\" >\n\t\t<div class=\"wpb_wrapper\">\n\t\t\t<div style=\"margin-left: 20px; font-size: 16px;\">\n<p><strong>Yin Yoga<\/strong><\/div>\n\n\t\t<\/div>\n\t<\/div>\n<div class=\"vc_empty_space\"   style=\"height: 20px\"><span class=\"vc_empty_space_inner\"><\/span><\/div><a href=\"https:\/\/api.whatsapp.com\/send?phone=905075793531&#038;text=Yoga\" target=\"_self\"  class=\"eltd-btn eltd-btn-medium eltd-btn-solid eltd-btn-gradient_hover\"  >\n    <span class=\"eltd-btn-text\">Rezervasyon<\/span>\n    <\/a>\t<\/div>\n<\/div><h3 class=\"clearfix eltd-title-holder\">\n\t<span class=\"eltd-accordion-mark eltd-left-mark\">\n\t\t<span class=\"eltd-accordion-mark-icon\">\n\t\t\t<span class=\"icon_plus\"><\/span>\n\t\t\t<span class=\"icon_minus-06\"><\/span>\n\t\t<\/span>\n\t<\/span>\n\t<span class=\"eltd-tab-title\">\n\t\t<span class=\"eltd-tab-title-inner\">\n\t\t\tHamile Yogas\u0131\t\t<\/span>\n\t<\/span>\n<\/h3>\n<div class=\"eltd-accordion-content\" >\n\t<div class=\"eltd-accordion-content-inner\">\n\t\t\n\t<div class=\"wpb_text_column wpb_content_element\" >\n\t\t<div class=\"wpb_wrapper\">\n\t\t\t<div style=\"margin-left: 20px; font-size: 16px;\">\n<p class=\" translation-block\">Merhabalar ben Buse Tercan,<br>\n1984\u2019de \u0130stanbul\u2019da do\u011fup b\u00fcy\u00fcd\u00fcm 2007 y\u0131l\u0131ndan beri Bodrum\u2019da ya\u015f\u0131yorum. Evli ve bir \u00e7ocuk annesiyim. Uzun y\u0131llar \u00f6zel sekt\u00f6rde kurumsal firmalarda \u00e7al\u0131\u015ft\u0131ktan sonra radikal bir kararla yeni bir yola \u00e7\u0131kt\u0131m. <br>\n\u00c7ok sevdi\u011fim bir s\u00f6z var: \u2018\u2019Her bebekle bir de anne do\u011far.\u2019\u2019 <br>\n2 y\u0131l \u00f6nce k\u0131z\u0131m\u0131n do\u011fumuyla ben de yeniden do\u011farken, do\u011fumda deste\u011fin de\u011ferini ke\u015ffettim. Bir anne olarak y\u00fcr\u00fcmeye devam ederken, ayn\u0131 yoldan ge\u00e7en, ko\u015fan, sendeleyen, korkan ve deste\u011fe ihtiyac\u0131 olan t\u00fcm kad\u0131nlar\u0131n, adayl\u0131ktan anneli\u011fe ge\u00e7i\u015f yolculu\u011funda onlara yolda\u015f olmak istedim.<\/p>\n<h4><strong>Hamile Yogas\u0131<\/strong><\/h4>\n<p>Yoga, hamilelikte bedenimizin ve hormonlar\u0131m\u0131z\u0131n etkisiyle de\u011fi\u015fen duygular\u0131m\u0131z\u0131 \u015fefkatle kabul edip y\u00f6netebilmenin en do\u011fru yoludur. Bedeni ve zihni do\u011fuma haz\u0131rlamak, ini\u015f \u00e7\u0131k\u0131\u015flar\u0131m\u0131z\u0131 hafifletmek, ruhun bilgeli\u011fini ke\u015ffetmek i\u00e7in hamile yogas\u0131, i\u00e7 d\u00fcnyam\u0131zla ileti\u015fimi kolayla\u015ft\u0131r\u0131r.<\/p>\n<h4><strong>Doula<\/strong><\/h4>\n<p class=\" translation-block\">Her do\u011fum kendine \u00f6zg\u00fc ve gizemli bir yolculuktur. <br>\nDoula, bu yolda size \u00e7e\u015fitli ara\u00e7lar kullanarak rehberlik eden bir uzmand\u0131r: <br>\nDoulan\u0131z, nefesinizle samimi bir ba\u011f kurman\u0131z\u0131 ve bu sayede a\u011fr\u0131 ile ba\u015fa \u00e7\u0131kabilmenizi kolayla\u015ft\u0131ran y\u00f6ntemler payla\u015f\u0131r.<br>\nMahrem alan\u0131n\u0131z\u0131 korur, huzurlu ve g\u00fcvenli bir ortamda hissetmeniz i\u00e7in gerekli ayarlamalar\u0131 yapar.<br>\nHastane ekibi ile aran\u0131zda bir k\u00f6pr\u00fc olur.<br>\nGerekti\u011finde baba adaylar\u0131na da destek verir. <br>\nK\u0131sacas\u0131, do\u011fumunuzu iyile\u015ftirir! <br>\nDesteklendi\u011finiz, g\u00fcvende hissedece\u011finiz bir do\u011fum hikayesi ya\u015fayabilmeniz i\u00e7in doulan\u0131z size alan a\u00e7ar. Do\u011fum \u00f6ncesinde, do\u011fumhanede ve lohusal\u0131kta bedensel ve duygusal ihtiya\u00e7lar\u0131n\u0131z\u0131 anlaman\u0131za ve kar\u015f\u0131laman\u0131za yard\u0131mc\u0131 olur. <br>\nKendi do\u011fum hikayesini yazmak isteyen her kad\u0131n\u0131n hak etti\u011fi destektir doula!<\/div>\n\n\t\t<\/div>\n\t<\/div>\n<div class=\"vc_empty_space\"   style=\"height: 20px\"><span class=\"vc_empty_space_inner\"><\/span><\/div><a href=\"https:\/\/api.whatsapp.com\/send?phone=905075793531&#038;text=Hamile%20Yogas\u0131\" target=\"_self\"  class=\"eltd-btn eltd-btn-medium eltd-btn-solid eltd-btn-gradient_hover\"  >\n    <span class=\"eltd-btn-text\">Rezervasyon<\/span>\n    <\/a>\t<\/div>\n<\/div><\/div><div class=\"vc_empty_space\"   style=\"height: 100px\"><span class=\"vc_empty_space_inner\"><\/span><\/div><div class=\"eltd-pricing-tables eltd-bigger-featured\"><div class=\"eltd-price-table\">\n\t<div class=\"eltd-price-table-inner\">\n\t\t<ul>\n\t\t\t<li class=\"eltd-table-title\">\n\t\t\t\t<h5><\/h5>\n\t\t\t<\/li>\n\t\t\t<li class=\"eltd-table-price\">\n\t\t\t\t<div class=\"eltd-price-holder\">\n\t\t\t\t\t<sup class=\"eltd-value\">$<\/sup>\n\t\t\t\t\t<span class=\"eltd-price\">100<\/span>\n\t\t\t\t<\/div>\n\t\t\t\t<div>\n\t\t\t\t\t<p class=\"eltd-mark\">Monthly<\/p>\n\t\t\t\t<\/div>\n\t\t\t<\/li>\n\n\t\t\t<li class=\"eltd-table-content\">\n\t\t\t\t\t\t\t<\/li>\n\t\t\t\t\t\t\t<li class=\"eltd-table-button\">\n\t\t\t\t\t<a href=\"https:\/\/whitelotusbodrum.com\/tr\/our-monthly-workshops\/\" target=\"_self\"  class=\"eltd-btn eltd-btn-medium eltd-btn-solid eltd-btn-custom-hover-color\" data-hover-color=\"#fff\" >    <span class=\"eltd-btn-text\">Kamp \u00c7izelgesine Git<\/span>    <\/a>\t\t\t\t<\/li>\t\t\t\t\n\t\t\t\t\t<\/ul>\n\t<\/div>\n<\/div><\/div><div class=\"vc_empty_space\"   style=\"height: 20px\"><span class=\"vc_empty_space_inner\"><\/span><\/div><\/div><\/div><\/div><\/div><\/div>","protected":false},"excerpt":{"rendered":"Everyday Extra Services Quantum Energy Balancing This Therapy works with vibrations that address the electrical properties of the body through stress reactivity by testing the entire energetic body field. Once tested, energetic therapy helps to neutralize the blockages and negativity accumulated in the body and...","protected":false},"author":1,"featured_media":0,"parent":0,"menu_order":0,"comment_status":"closed","ping_status":"closed","template":"full-width.php","meta":{"footnotes":""},"class_list":["post-8402","page","type-page","status-publish","hentry"],"_links":{"self":[{"href":"https:\/\/whitelotusbodrum.com\/tr\/wp-json\/wp\/v2\/pages\/8402","targetHints":{"allow":["GET"]}}],"collection":[{"href":"https:\/\/whitelotusbodrum.com\/tr\/wp-json\/wp\/v2\/pages"}],"about":[{"href":"https:\/\/whitelotusbodrum.com\/tr\/wp-json\/wp\/v2\/types\/page"}],"author":[{"embeddable":true,"href":"https:\/\/whitelotusbodrum.com\/tr\/wp-json\/wp\/v2\/users\/1"}],"replies":[{"embeddable":true,"href":"https:\/\/whitelotusbodrum.com\/tr\/wp-json\/wp\/v2\/comments?post=8402"}],"version-history":[{"count":79,"href":"https:\/\/whitelotusbodrum.com\/tr\/wp-json\/wp\/v2\/pages\/8402\/revisions"}],"predecessor-version":[{"id":11450,"href":"https:\/\/whitelotusbodrum.com\/tr\/wp-json\/wp\/v2\/pages\/8402\/revisions\/11450"}],"wp:attachment":[{"href":"https:\/\/whitelotusbodrum.com\/tr\/wp-json\/wp\/v2\/media?parent=8402"}],"curies":[{"name":"wp","href":"https:\/\/api.w.org\/{rel}","templated":true}]}}