{"id":8475,"date":"2016-10-19T13:00:47","date_gmt":"2016-10-19T13:00:47","guid":{"rendered":"http:\/\/kendall.elated-themes.com\/?page_id=8475"},"modified":"2023-04-27T23:18:20","modified_gmt":"2023-04-27T20:18:20","slug":"about-us","status":"publish","type":"page","link":"https:\/\/whitelotusbodrum.com\/tr\/about-us\/","title":{"rendered":"Hakk\u0131m\u0131zda"},"content":{"rendered":"<div class=\"vc_row wpb_row vc_row-fluid eltd-section vc_custom_1476884004699 eltd-content-aligment-center eltd-grid-section eltd-center-bck-image\" style=\"\"><div class=\"clearfix eltd-section-inner\"><div class=\"eltd-section-inner-margin clearfix\"><div class=\"wpb_column vc_column_container vc_col-sm-12 vc_col-lg-6 vc_col-md-12\"><div class=\"vc_column-inner vc_custom_1476880713565\"><div class=\"wpb_wrapper\"><div class=\"vc_empty_space\"   style=\"height: 50px\"><span class=\"vc_empty_space_inner\"><\/span><\/div><div class=\"eltd-section-title-outer-holder\" style=\"text-align: center\">\n\n    \t<div class=\"eltd-section-title-title-holder\">\n\t\t<h2 class=\"eltd-section-title\" style=\";;;;;text-transform: None;;\">\n\t\t\tNiloufar Cesur Tarkan - Kurucu\t\t<\/h2>\n\t<\/div>\n    \t<span class=\"eltd-title-separator eltd-enable-separator\"><\/span>\n             <div class=\"eltd-section-subtitle-holder\">\n            <h5 class=\"eltd-section-subtitle\" style=\";;;;;;\" >\n            Moda Tasar\u0131mc\u0131s\u0131, Reiki Ustas\u0131, ya\u011fl\u0131 boya ressam\u0131 ve iki k\u0131z annesi.        <\/h5>\n        <\/div>\n    \n<\/div><div class=\"vc_empty_space\"   style=\"height: 14px\"><span class=\"vc_empty_space_inner\"><\/span><\/div><div class=\"vc_empty_space\"   style=\"height: 32px\"><span class=\"vc_empty_space_inner\"><\/span><\/div><div class=\"eltd-unordered-list  eltd-circle\" style=\"padding-left: 75px;\">\n<ul>\n<li style=\"text-align: left;\">Reiki Hocas\u0131<\/li>\n<li style=\"text-align: left;\">Astroloji<\/li>\n<li style=\"text-align: left;\">Theta \u015eifas\u0131<\/li>\n<li style=\"text-align: left;\">Acmos<\/li>\n<li style=\"text-align: left;\">Evrensel Enerji<\/li>\n<li style=\"text-align: left;\">Quantum Enerji Dengeleme<\/li>\n<li style=\"text-align: left;\">Kristal \u00c7anaklarla Terapi<\/li>\n<li style=\"text-align: left;\">Mandala<\/li>\n<li style=\"text-align: left;\">Numeroloji<\/li>\n<li style=\"text-align: left;\">Astrokartografi<\/li>\n<li style=\"text-align: left;\">Lotus Fire Energy<\/li>\n<li style=\"text-align: left;\">Tibet\u2019te rahiplerle manast\u0131rda ,Hindistan\u2019da ashramda ,Brezilya\u2019n\u0131n en g\u00fc\u00e7l\u00fc \u015fifacisinin yan\u0131nda zaman ge\u00e7irdi .\nKanada Amerika ve T\u00fcrkiye\u2019de bir \u00e7ok seminerlere kat\u0131ld\u0131.<\/li>\n<li style=\"text-align: left;\">Kanada, \u0130talya, ABD ve T\u00fcrkiye'de ya\u015fad\u0131. T\u00fcrk\u00e7e'nin yan\u0131 s\u0131ra ak\u0131c\u0131 \u0130ngilizce ve \u0130talyanca bilmektedir.<\/li>\n<\/ul>\n<\/div><\/div><\/div><\/div><div class=\"wpb_column vc_column_container vc_col-sm-12 vc_col-lg-6 vc_col-md-12\"><div class=\"vc_column-inner\"><div class=\"wpb_wrapper\"><div class=\"vc_empty_space\"   style=\"height: 40px\"><span class=\"vc_empty_space_inner\"><\/span><\/div>\n\t<div  class=\"wpb_single_image wpb_content_element vc_align_left\">\n\t\t\n\t\t<figure class=\"wpb_wrapper vc_figure\">\n\t\t\t<div class=\"vc_single_image-wrapper   vc_box_border_grey\"><img loading=\"lazy\" decoding=\"async\" width=\"948\" height=\"800\" src=\"https:\/\/whitelotusbodrum.com\/wp-content\/uploads\/2022\/07\/Screen-Shot-2022-07-03-at-00.41.27.png\" class=\"vc_single_image-img attachment-full\" alt=\"\" title=\"Screen-Shot-2022-07-03-at-00.41.27\" srcset=\"https:\/\/whitelotusbodrum.com\/wp-content\/uploads\/2022\/07\/Screen-Shot-2022-07-03-at-00.41.27.png 948w, https:\/\/whitelotusbodrum.com\/wp-content\/uploads\/2022\/07\/Screen-Shot-2022-07-03-at-00.41.27-300x253.png 300w, https:\/\/whitelotusbodrum.com\/wp-content\/uploads\/2022\/07\/Screen-Shot-2022-07-03-at-00.41.27-768x648.png 768w\" sizes=\"auto, (max-width: 948px) 100vw, 948px\" \/><\/div>\n\t\t<\/figure>\n\t<\/div>\n<div class=\"vc_empty_space\"   style=\"height: 40px\"><span class=\"vc_empty_space_inner\"><\/span><\/div><\/div><\/div><\/div><\/div><\/div><\/div><div class=\"vc_row wpb_row vc_row-fluid eltd-section vc_custom_1658531684018 eltd-content-aligment-center\" style=\"\"><div class=\"clearfix eltd-full-section-inner\"><div class=\"wpb_column vc_column_container vc_col-sm-12\"><div class=\"vc_column-inner\"><div class=\"wpb_wrapper\">\n\t<div class=\"wpb_text_column wpb_content_element\" >\n\t\t<div class=\"wpb_wrapper\">\n\t\t\t<h6>White Lotus Retreat Hakk\u0131nda<\/h6>\n<p>White Lotus Retreat bir holistik \u015fifa merkezidir.<br \/>\nHolistik Sifa \u00e7esitli tekniklerle enerji bedenimizin titre\u015fimini y\u00fckselterek \u015fifaya kavu\u015fturma y\u00f6ntemidir.<br \/>\nAmac\u0131m\u0131z buna ihtiya\u00e7 duyan en fazla say\u0131da insana dokunabilmek ve d\u00fcnyadaki sevgi frekans\u0131n\u0131 y\u00fckseltebilmek.<br \/>\nMerkezimiz 12 d\u00f6n\u00fcm \u00c7am ve Zeytin a\u011fa\u00e7lar\u0131 ile kapl\u0131 Da\u011fbelen b\u00f6lgesinde,\nYal\u0131kavakla Ortakent aras\u0131ndad\u0131r.<br \/>\nWhite Lotus Retreat bir dinlenme, rahatlama ve yenilenme yeri sunar. Gecelik konaklamalar i\u00e7in 10 ki\u015filik k\u00fc\u00e7\u00fck gruplara hitap ediyoruz. Ayr\u0131ca 15 ki\u015filik g\u00fcnl\u00fck gelen misafir kabul edebiliyoruz.<br \/>\nRetreatimizde beyaz giyiniyoruz. \u00c7\u00fcnk\u00fc beyaz frekans\u0131 ve enerjiyi daha yo\u011fun almam\u0131z\u0131 sa\u011flar.<br \/>\nBurada m\u00fcmk\u00fcn oldu\u011funca sessiziz. \u00c7\u00fcnk\u00fc d\u0131\u015f sesimizi durdurdu\u011fumuzda do\u011fan\u0131n sesini ve i\u00e7 sesimizi duymaya ba\u015fl\u0131yoruz.<br \/>\nBurada vejetaryen besleniyoruz. \u00c7\u00fcnk\u00fc di\u011fer canl\u0131lar\u0131 beslenme ad\u0131na ac\u0131 \u00e7ektirerek incitmek istemiyoruz ve \u00f6l\u00fcrken korkuyla yayd\u0131klar\u0131 o enerjiyi v\u00fccudumuza almak istemiyoruz. Bunun yerine kendi sebze bah\u00e7elerimizde organik olarak yeti\u015ftirdi\u011fimiz sebze ve otlar\u0131m\u0131zla besleniyoruz.<br \/>\nBuradaki ekibimizle heyecan ve mutlulukla sizleri aram\u0131za kat\u0131lmaya davet ediyoruz.<br \/>\nSevgiyle....<\/p>\n\n\t\t<\/div>\n\t<\/div>\n<div class=\"vc_empty_space\"   style=\"height: 32px\"><span class=\"vc_empty_space_inner\"><\/span><\/div><\/div><\/div><\/div><\/div><\/div>","protected":false},"excerpt":{"rendered":"Niloufar Cesur Tarkan - Founder Fashion Designer, Reiki Master, oil painting artist &amp; mother of two daughters. Reiki Master Astrology Theta Healing Acmos Universal Energy Quantum Energy Balancing Reiki Crystal Healing Mandala Numerology Astrocartography Lotus Fire Energy Attended rituals with monks in Tibet and Ashrams...","protected":false},"author":1,"featured_media":0,"parent":0,"menu_order":0,"comment_status":"closed","ping_status":"closed","template":"full-width.php","meta":{"footnotes":""},"class_list":["post-8475","page","type-page","status-publish","hentry"],"_links":{"self":[{"href":"https:\/\/whitelotusbodrum.com\/tr\/wp-json\/wp\/v2\/pages\/8475","targetHints":{"allow":["GET"]}}],"collection":[{"href":"https:\/\/whitelotusbodrum.com\/tr\/wp-json\/wp\/v2\/pages"}],"about":[{"href":"https:\/\/whitelotusbodrum.com\/tr\/wp-json\/wp\/v2\/types\/page"}],"author":[{"embeddable":true,"href":"https:\/\/whitelotusbodrum.com\/tr\/wp-json\/wp\/v2\/users\/1"}],"replies":[{"embeddable":true,"href":"https:\/\/whitelotusbodrum.com\/tr\/wp-json\/wp\/v2\/comments?post=8475"}],"version-history":[{"count":14,"href":"https:\/\/whitelotusbodrum.com\/tr\/wp-json\/wp\/v2\/pages\/8475\/revisions"}],"predecessor-version":[{"id":11395,"href":"https:\/\/whitelotusbodrum.com\/tr\/wp-json\/wp\/v2\/pages\/8475\/revisions\/11395"}],"wp:attachment":[{"href":"https:\/\/whitelotusbodrum.com\/tr\/wp-json\/wp\/v2\/media?parent=8475"}],"curies":[{"name":"wp","href":"https:\/\/api.w.org\/{rel}","templated":true}]}}